{"id":26,"date":"2020-01-25T23:43:10","date_gmt":"2020-01-25T20:43:10","guid":{"rendered":"http:\/\/scriitoridinbucovina.net\/?page_id=26"},"modified":"2020-01-30T10:25:57","modified_gmt":"2020-01-30T08:25:57","slug":"despre-noi","status":"publish","type":"page","link":"https:\/\/scriitoridinbucovina.net\/","title":{"rendered":"\u00cent\u00e2mpinare"},"content":{"rendered":"\n<h2 class=\"wp-block-heading\">Bine a\u021bi venit!<\/h2>\n\n\n\n<p>Site-ul <strong><em>Scriitori din Bucovina <\/em><\/strong>public\u0103 opere ale scriitorilor care s-au n\u0103scut, ori \u0219i-au desf\u0103\u0219urat activitatea \u00een aceast\u0103 regiune a \u021b\u0103rii, sau \u00een zonele limitrofe, asimilate \u0219i acceptate ca atare de con\u0219tiin\u021ba public\u0103, de la primele forme de manifestare a literaturii p\u00e2n\u0103 ast\u0103zi. \u00cen ceea ce prive\u0219te ortografia, care de-a lungul timpului a suferit mai multe schimb\u0103ri, vom \u00eencerca,  pe c\u00e2t ne va sta \u00een putin\u021b\u0103, s-o actualiz\u0103m.  <\/p>\n\n\n\n<p>\u00cen contextul unei lumi \u00een care viteza \u0219i formele de transmitere a informa\u021biei s-au schimbat  fundamental, este vital ca \u0219i literatura ca form\u0103 de comunicare s\u0103 se adapteze noilor mijloace. Astfel, dac\u0103 tot mai mul\u021bi dintre contemporanii no\u0219tri \u2013 a\u0219a-zisa genera\u021bie a digitaliz\u0103rii \u2013 apeleaz\u0103 aproape instinctual la instrumentul informatic, \u00een detrimentul frecvent\u0103rii bibliotecilor clasice e de la sine \u00een\u021beles c\u0103 bibliotecile virtuale se vor impune treptat ca mijloace esen\u021biale ale acces\u0103rii crea\u021biilor spirituale \u00een general<br> \u0219i literare \u00een special.<\/p>\n\n\n\n<p>Except\u00e2nd rarisimele cazuri \u00een care o crea\u021bie literar\u0103 devine <em>best-seller<\/em>, celelalte crea\u021bii literare ori cercet\u0103ri \u0219tiin\u021bifice, \u00een propor\u021bii cov\u00e2r\u0219itoare, sunt condamnate la anonimat, din mai multe cauze. \u00cen primul r\u00e2nd din cauza tirajelor foarte mici pe care editurile \u0219i autorii \u0219i le permit. \u00cen al doilea r\u00e2nd din cauza accesului dificil sau, uneori imposibil, al cititorului la aceste opere. \u00cen al treilea r\u00e2nd din cauza costurilor destul de ridicate ale c\u0103r\u021bilor. \u0218i, nu \u00een ultimul r\u00e2nd, din cauza timpului extrem de limitat al cititorului contemporan. Admi\u021b\u00e2nd cazul c\u0103 unele volume sunt publicate \u00een multe exemplare, majoritatea acestora risc\u0103 s\u0103 zac\u0103 \u00een rafturile sau depozitele unor libr\u0103rii. A\u0219a se explic\u0103 faptul c\u0103, \u00een afar\u0103 de satisfacerea orgoliului de a-\u0219i vedea numele <em>\u201eadunat pe-o carte\u201d<\/em>, citat \u00een vreo recenzie mai mult sau mai pu\u021bin m\u0103gulitoare, ori a\u0219ezat \u00eentr-un dic\u021bionar, al\u0103turi de multe alte nume de autori \u0219i opere, autorul nu mai sper\u0103 la nicio alt\u0103 satisfac\u021bie. Or, dorin\u021ba cea mai ad\u00e2nc\u0103 a oric\u0103rui creator de literatur\u0103 sau cercet\u0103tor este <em>comunicarea cu cititorul<\/em>.<\/p>\n\n\n\n<h2 class=\"wp-block-heading\"><strong><em>Comunicarea cu cititorul<\/em><\/strong><\/h2>\n\n\n\n<p>Prin intermediul unui site se \u00eent\u00e2lnesc at\u00e2t a\u0219tept\u0103rile autorului, c\u00e2t \u0219i cele ale cititorului erei digitale. <strong><em>Autorul<\/em><\/strong> \u00ee\u0219i vede astfel \u00eemplinit\u0103 dorin\u021ba de a-\u0219i comunica g\u00e2ndurile, tr\u0103irile, experien\u021ba de via\u021b\u0103, ideile, cercet\u0103rile pe care s-a str\u0103duit s\u0103 le pun\u0103 \u00een oper\u0103, iar <strong><em>Cititorul<\/em><\/strong>, \u201e<em>om al timpului modern<\/em>\u201d, cum ar fi zis Maiorescu, are la dispozi\u021bie un mijloc rapid, eficient, elastic, mobil \u0219i gratuit de a-\u0219i satisface nevoia evad\u0103rii \u00eentr-o lume care s\u0103-l apropie de sine \u00eensu\u0219i.<\/p>\n\n\n\n<h2 class=\"wp-block-heading\"><strong>Condi\u021bii de publicare pe site<\/strong><\/h2>\n\n\n\n<p>Vor fi ridicate pe site crea\u021bii <em>&#8211; publicate anterior cu ISBN sau ISSN &#8211; <\/em>ale autorilor (indiferent de apartenen\u021ba sau nu la uniuni, societ\u0103\u021bi, sau asocia\u021bii de creatori) tr\u0103itori \u00een \u021bar\u0103 sau oriunde \u00een lume.&nbsp;<\/p>\n\n\n\n<p>Singura condi\u021bie pentru publicare este <strong><em>valoarea estetic\u0103 sau \u0219tiin\u021bific\u0103<\/em><\/strong> a lucr\u0103rii.&nbsp;<\/p>\n\n\n\n<p>Se vor publica, de asemenea, \u0219i creatori debutan\u021bi, atunci c\u00e2nd crea\u021biile acestora \u00eentrunesc criteriile de selec\u021bie ale site-ului.<\/p>\n\n\n\n<p>Textele\u00a0 \u00een <strong><em>fi\u0219iere Word<\/em><\/strong> vor fi trimise pe adresa de contact<em>, <\/em>sau ne vor fi predate direct, pe suport electronic, \u00eenso\u021bite \u0219i de c\u00e2teva date biografice \u0219i o poz\u0103<em>.<\/em><strong> <\/strong>Este recomandat ca autorii care dispun \u0219i de referin\u021be critice (volume, articole) s\u0103 anexeze acele texte, ce se vor reg\u0103si ulterior la capitolul <em>\u201eReceptare critic\u0103\u201d.<\/em><\/p>\n\n\n\n<h2 class=\"wp-block-heading\"><strong>Preciz\u0103ri legislative:<\/strong><\/h2>\n\n\n\n<p>Se vor reg\u0103si pe site:<\/p>\n\n\n\n<ol class=\"wp-block-list\"><li>&nbsp;Operele care, \u00een conformitate cu <strong>Legea Dreptului de Autor<\/strong>, sunt libere la reproducere <em>(LEGEA nr. 8\/1996 privind dreptul de autor \u015fi drepturile conexe. Actualizat\u0103 2019<\/em>);<\/li><li> Operele pentru care autorii sau mo\u0219tenitorii de drept ai acestora au \u00eencheiat un <strong><em>ACORD<\/em><\/strong> scris&nbsp; cu  administratorul site-ului, \u00een vederea public\u0103rii pe site. \u00cen cazul mo\u0219tenitorilor de drept, ace\u0219tia trebuie s\u0103 fac\u0103 dovada calit\u0103\u021bii invocate.  <\/li><\/ol>\n\n\n\n<h2 class=\"wp-block-heading\"><strong>Argument final:<\/strong><\/h2>\n\n\n\n<p><em>R\u0103sp\u00e2ndi\u021bi pe toate meridianele lumii, bucovinenii de toate na\u021bionalit\u0103\u021bile se vor reg\u0103si pe acest site cu spiritualitatea, m\u00e2ndria \u0219i demnitatea lor originar\u0103, cu dragostea lor de frumos, de echilibru \u0219i de armonie, at\u00e2t de necesare \u00eentr-o lume fr\u0103m\u00e2ntat\u0103, agitat\u0103 \u0219i instabil\u0103 cum este cea de azi. Se va vedea astfel c\u0103, de\u0219i situat\u0103 la marginea unei h\u0103r\u021bi, aceast\u0103 provincie istoric\u0103 a Rom\u00e2niei nu a fost niciodat\u0103 \u0219i nu se afl\u0103 nici acum\u00a0 la vreo  margine a spiritualit\u0103\u021bii rom\u00e2ne\u0219ti.\u00a0<\/em><\/p>\n\n\n\n<p>Sper\u0103m ca pe site-ul nostru to\u021bi bucovinenii, creatori sau iubitori de cultur\u0103, s\u0103 se simt\u0103 <em><strong>Acas\u0103.<\/strong><\/em><\/p>\n\n\n\n<h3 class=\"has-text-align-right wp-block-heading\"><em><strong>Octavian Nestor<\/strong><\/em><\/h3>\n\n\n\n<pre class=\"wp-block-preformatted\">Ne cerem scuze, site-ul se afl\u0103  \u00eenc\u0103  \u00een lucru.  V\u0103  mul\u021bumim pentru  \u00eentelegere!<\/pre>\n","protected":false},"excerpt":{"rendered":"<p>Bine a\u021bi venit! Site-ul Scriitori din Bucovina public\u0103 opere ale scriitorilor care s-au n\u0103scut, ori \u0219i-au desf\u0103\u0219urat activitatea \u00een aceast\u0103 regiune a \u021b\u0103rii, sau \u00een zonele limitrofe, asimilate \u0219i acceptate ca atare de con\u0219tiin\u021ba public\u0103, de la primele forme de manifestare a literaturii p\u00e2n\u0103 ast\u0103zi. \u00cen ceea ce prive\u0219te ortografia, <a href=\"https:\/\/scriitoridinbucovina.net\/\" class=\"btn btn-link continue-link\">Continu\u0103 lectura<\/a><\/p>\n","protected":false},"author":1,"featured_media":0,"parent":0,"menu_order":0,"comment_status":"closed","ping_status":"closed","template":"page-templates\/page_front-page.php","meta":{"om_disable_all_campaigns":false,"_monsterinsights_skip_tracking":false,"_monsterinsights_sitenote_active":false,"_monsterinsights_sitenote_note":"","_monsterinsights_sitenote_category":0,"footnotes":""},"class_list":["post-26","page","type-page","status-publish","hentry"],"jetpack_sharing_enabled":true,"_links":{"self":[{"href":"https:\/\/scriitoridinbucovina.net\/index.php\/wp-json\/wp\/v2\/pages\/26","targetHints":{"allow":["GET"]}}],"collection":[{"href":"https:\/\/scriitoridinbucovina.net\/index.php\/wp-json\/wp\/v2\/pages"}],"about":[{"href":"https:\/\/scriitoridinbucovina.net\/index.php\/wp-json\/wp\/v2\/types\/page"}],"author":[{"embeddable":true,"href":"https:\/\/scriitoridinbucovina.net\/index.php\/wp-json\/wp\/v2\/users\/1"}],"replies":[{"embeddable":true,"href":"https:\/\/scriitoridinbucovina.net\/index.php\/wp-json\/wp\/v2\/comments?post=26"}],"version-history":[{"count":13,"href":"https:\/\/scriitoridinbucovina.net\/index.php\/wp-json\/wp\/v2\/pages\/26\/revisions"}],"predecessor-version":[{"id":743,"href":"https:\/\/scriitoridinbucovina.net\/index.php\/wp-json\/wp\/v2\/pages\/26\/revisions\/743"}],"wp:attachment":[{"href":"https:\/\/scriitoridinbucovina.net\/index.php\/wp-json\/wp\/v2\/media?parent=26"}],"curies":[{"name":"wp","href":"https:\/\/api.w.org\/{rel}","templated":true}]}}